{"id":32,"date":"2023-10-16T17:58:44","date_gmt":"2023-10-16T15:58:44","guid":{"rendered":"https:\/\/www.nadasitech.com\/?page_id=32"},"modified":"2024-03-27T11:52:13","modified_gmt":"2024-03-27T10:52:13","slug":"megmunkalas","status":"publish","type":"page","link":"https:\/\/www.nadasitech.com\/en\/megmunkalas\/","title":{"rendered":"Machining"},"content":{"rendered":"<div class=\"wp-block-cover wp-duotone-grayscale\"><span aria-hidden=\"true\" class=\"wp-block-cover__background has-background-dim-80 has-background-dim\"><\/span><img loading=\"lazy\" decoding=\"async\" width=\"2560\" height=\"930\" class=\"wp-block-cover__image-background wp-image-359\" alt=\"\" src=\"https:\/\/www.nadasitech.com\/wp-content\/uploads\/2024\/01\/1686211958857-scaled-e1706985803314.jpg\" style=\"object-position:45% 100%\" data-object-fit=\"cover\" data-object-position=\"45% 100%\" srcset=\"https:\/\/www.nadasitech.com\/wp-content\/uploads\/2024\/01\/1686211958857-scaled-e1706985803314.jpg 2560w, https:\/\/www.nadasitech.com\/wp-content\/uploads\/2024\/01\/1686211958857-scaled-e1706985803314-300x109.jpg 300w, https:\/\/www.nadasitech.com\/wp-content\/uploads\/2024\/01\/1686211958857-scaled-e1706985803314-1024x372.jpg 1024w, https:\/\/www.nadasitech.com\/wp-content\/uploads\/2024\/01\/1686211958857-scaled-e1706985803314-768x279.jpg 768w, https:\/\/www.nadasitech.com\/wp-content\/uploads\/2024\/01\/1686211958857-scaled-e1706985803314-1536x558.jpg 1536w, https:\/\/www.nadasitech.com\/wp-content\/uploads\/2024\/01\/1686211958857-scaled-e1706985803314-2048x744.jpg 2048w\" sizes=\"auto, (max-width: 2560px) 100vw, 2560px\" \/><div class=\"wp-block-cover__inner-container has-global-padding is-layout-constrained wp-container-core-cover-is-layout-4383d167 wp-block-cover-is-layout-constrained\">\n<div class=\"wp-block-group has-global-padding is-layout-constrained wp-container-core-group-is-layout-bd97b1da wp-block-group-is-layout-constrained\">\n<p class=\"has-system-font-font-family\" style=\"margin-bottom:20px;font-size:clamp(1.837rem, 1.837rem + ((1vw - 0.2rem) * 2.478), 3.2rem);letter-spacing:1px;line-height:1\"><strong>Machining<\/strong><\/p>\n\n\n\n<p style=\"font-size:clamp(0.875rem, 0.875rem + ((1vw - 0.2rem) * 0.773), 1.3rem);\">We provide manufacturing services to our customers aside from composites projects as well<\/p>\n\n\n\n<p><\/p>\n\n\n\n<ul class=\"wp-block-list\">\n<li>CNC Milling<\/li>\n\n\n\n<li>CO2 Laser cutting<\/li>\n\n\n\n<li>3D Printing<\/li>\n<\/ul>\n<\/div>\n<\/div><\/div>\n\n\n\n<div class=\"wp-block-group has-global-padding is-layout-constrained wp-container-core-group-is-layout-5a507b6d wp-block-group-is-layout-constrained\" style=\"padding-right:var(--wp--preset--spacing--30);padding-left:var(--wp--preset--spacing--30)\">\n<p style=\"padding-top:1rem;font-size:clamp(0.875rem, 0.875rem + ((1vw - 0.2rem) * 0.773), 1.3rem);line-height:2.5\"><strong>CNC Milling<\/strong><\/p>\n\n\n\n<div class=\"wp-block-columns is-layout-flex wp-container-core-columns-is-layout-e6f27d69 wp-block-columns-is-layout-flex\" style=\"padding-bottom:var(--wp--preset--spacing--30)\">\n<div class=\"wp-block-column is-layout-flow wp-block-column-is-layout-flow\">\n<p style=\"padding-bottom:1rem\">Capacity of our machines:<\/p>\n\n\n\n<p style=\"font-size:clamp(0.929rem, 0.929rem + ((1vw - 0.2rem) * 0.856), 1.4rem);\"><strong>5 Axis - 2900x2900x1500 mm<\/strong><\/p>\n\n\n\n<p style=\"padding-bottom:1rem\">Materials: <strong>Foam, MDF, Wood<\/strong><\/p>\n\n\n\n<p style=\"font-size:clamp(0.929rem, 0.929rem + ((1vw - 0.2rem) * 0.856), 1.4rem);\"><strong>3 Axis - 800x800x250 mm<\/strong><\/p>\n\n\n\n<p style=\"padding-bottom:1rem\">Materials: <strong>Aluminium or softer<\/strong><\/p>\n\n\n\n<p style=\"font-size:clamp(0.929rem, 0.929rem + ((1vw - 0.2rem) * 0.856), 1.4rem);\"><strong>3 Axis - 300x500x100 mm<\/strong><\/p>\n\n\n\n<p style=\"padding-bottom:1rem\">Materials: <strong>Aluminium or softer<\/strong><\/p>\n<\/div>\n\n\n\n<div class=\"wp-block-column is-layout-flow wp-block-column-is-layout-flow\">\n<figure class=\"wp-block-image alignright size-full is-resized\"><img loading=\"lazy\" decoding=\"async\" width=\"1024\" height=\"768\" src=\"https:\/\/www.nadasitech.com\/wp-content\/uploads\/2024\/01\/4977825.1604472602__-1.jpg\" alt=\"\" class=\"wp-image-493\" style=\"aspect-ratio:1.3333333333333333;object-fit:cover;width:450px\" srcset=\"https:\/\/www.nadasitech.com\/wp-content\/uploads\/2024\/01\/4977825.1604472602__-1.jpg 1024w, https:\/\/www.nadasitech.com\/wp-content\/uploads\/2024\/01\/4977825.1604472602__-1-300x225.jpg 300w, https:\/\/www.nadasitech.com\/wp-content\/uploads\/2024\/01\/4977825.1604472602__-1-768x576.jpg 768w\" sizes=\"auto, (max-width: 1024px) 100vw, 1024px\" \/><\/figure>\n<\/div>\n<\/div>\n\n\n\n<hr class=\"wp-block-separator has-alpha-channel-opacity is-style-wide\"\/>\n<\/div>\n\n\n\n<div class=\"wp-block-group has-global-padding is-layout-constrained wp-container-core-group-is-layout-5a507b6d wp-block-group-is-layout-constrained\" style=\"padding-right:var(--wp--preset--spacing--30);padding-left:var(--wp--preset--spacing--30)\">\n<p style=\"padding-top:0rem;font-size:clamp(0.875rem, 0.875rem + ((1vw - 0.2rem) * 0.773), 1.3rem);line-height:2.5\"><strong>Laser cutting<\/strong><\/p>\n\n\n\n<div class=\"wp-block-columns is-layout-flex wp-container-core-columns-is-layout-e6f27d69 wp-block-columns-is-layout-flex\" style=\"padding-bottom:var(--wp--preset--spacing--30)\">\n<div class=\"wp-block-column is-layout-flow wp-block-column-is-layout-flow\">\n<p>Parameters:<\/p>\n\n\n\n<p>Type of beam: <strong>CO2<\/strong><\/p>\n\n\n\n<p>Effective power: <strong>100 W<\/strong><\/p>\n\n\n\n<p>Working area: <strong>2000&#215;1000 mm<\/strong><\/p>\n\n\n\n<p style=\"padding-top:1rem\">Materials:<\/p>\n\n\n\n<ul class=\"wp-block-list\">\n<li>Plywood &lt;10-12mm<\/li>\n\n\n\n<li>Acrylic: 10mm<\/li>\n\n\n\n<li>Leather<\/li>\n\n\n\n<li>Textiles<\/li>\n\n\n\n<li>Etc.<\/li>\n<\/ul>\n<\/div>\n\n\n\n<div class=\"wp-block-column is-layout-flow wp-block-column-is-layout-flow\">\n<figure class=\"wp-block-image alignright size-large is-resized\"><img loading=\"lazy\" decoding=\"async\" width=\"1024\" height=\"750\" src=\"https:\/\/www.nadasitech.com\/wp-content\/uploads\/2024\/01\/laser-cutting-wood-e1706986318205-1024x750.webp\" alt=\"\" class=\"wp-image-360\" style=\"aspect-ratio:1.3653333333333333;object-fit:cover;width:450px\" srcset=\"https:\/\/www.nadasitech.com\/wp-content\/uploads\/2024\/01\/laser-cutting-wood-e1706986318205-1024x750.webp 1024w, https:\/\/www.nadasitech.com\/wp-content\/uploads\/2024\/01\/laser-cutting-wood-e1706986318205-300x220.webp 300w, https:\/\/www.nadasitech.com\/wp-content\/uploads\/2024\/01\/laser-cutting-wood-e1706986318205-768x562.webp 768w, https:\/\/www.nadasitech.com\/wp-content\/uploads\/2024\/01\/laser-cutting-wood-e1706986318205.webp 1471w\" sizes=\"auto, (max-width: 1024px) 100vw, 1024px\" \/><\/figure>\n<\/div>\n<\/div>\n\n\n\n<hr class=\"wp-block-separator has-alpha-channel-opacity is-style-wide\"\/>\n<\/div>\n\n\n\n<div class=\"wp-block-group has-global-padding is-layout-constrained wp-container-core-group-is-layout-00ad6f06 wp-block-group-is-layout-constrained\" style=\"padding-right:var(--wp--preset--spacing--30);padding-bottom:0;padding-left:var(--wp--preset--spacing--30)\">\n<p style=\"padding-top:0rem;font-size:clamp(0.875rem, 0.875rem + ((1vw - 0.2rem) * 0.773), 1.3rem);line-height:2.5\"><strong>3D prinring<\/strong><\/p>\n\n\n\n<div class=\"wp-block-columns is-layout-flex wp-container-core-columns-is-layout-e6f27d69 wp-block-columns-is-layout-flex\" style=\"padding-bottom:var(--wp--preset--spacing--30)\">\n<div class=\"wp-block-column is-layout-flow wp-block-column-is-layout-flow\">\n<p class=\" translation-block\">Creation of 3D objects, such as patterns, prototype tools, gauges and templates, using FDM (printing from thermoplastic filament) or RESIN (UV light-curing resin) technology.<\/p>\n\n\n\n<p style=\"padding-top:var(--wp--preset--spacing--30)\">Maximum size of singular prints: <strong>400x400x400 mm<\/strong><\/p>\n<\/div>\n\n\n\n<div class=\"wp-block-column is-layout-flow wp-block-column-is-layout-flow\">\n<figure class=\"wp-block-image alignright size-large is-resized\"><img loading=\"lazy\" decoding=\"async\" width=\"615\" height=\"1024\" src=\"https:\/\/www.nadasitech.com\/wp-content\/uploads\/2024\/01\/artillery_sidewinder_x1_large__1692759616_33b510d7_progressive-615x1024.jpg\" alt=\"\" class=\"wp-image-371\" style=\"aspect-ratio:4\/3;object-fit:cover;width:450px\"\/><\/figure>\n<\/div>\n<\/div>\n\n\n\n<hr class=\"wp-block-separator has-alpha-channel-opacity is-style-wide\"\/>\n<\/div>","protected":false},"excerpt":{"rendered":"<p>CNC mar\u00e1s CNC megmunk\u00e1l\u00e1si kapacit\u00e1sunk: 5 tengely &#8211; 2900x2900x1500 mm Megmunk\u00e1lhat\u00f3 anyagok: Hab, MDF, Kem\u00e9nyfa 3 tengely &#8211; 800x800x250 mm Megmunk\u00e1lhat\u00f3 legszil\u00e1rdabb anyag: Ac\u00e9l 3 tengely &#8211; 300x500x100 mm Megmunk\u00e1lhat\u00f3 legszil\u00e1rdabb anyag: Alum\u00ednium L\u00e9zerv\u00e1g\u00e1s L\u00e9zerv\u00e1g\u00f3 kapacit\u00e1sunk param\u00e9terei: L\u00e9zer t\u00edpusa : CO2 Hasznos v\u00e1g\u00f3teljes\u00edtm\u00e9ny : 100 W Munkater\u00fclet: 2000&#215;1000 mm V\u00e1ghat\u00f3 anyagok: 3D nyomtat\u00e1s 3D t\u00e1rgyak, [&hellip;]<\/p>","protected":false},"author":1,"featured_media":0,"parent":0,"menu_order":0,"comment_status":"closed","ping_status":"closed","template":"","meta":{"footnotes":""},"class_list":["post-32","page","type-page","status-publish","hentry"],"_links":{"self":[{"href":"https:\/\/www.nadasitech.com\/en\/wp-json\/wp\/v2\/pages\/32","targetHints":{"allow":["GET"]}}],"collection":[{"href":"https:\/\/www.nadasitech.com\/en\/wp-json\/wp\/v2\/pages"}],"about":[{"href":"https:\/\/www.nadasitech.com\/en\/wp-json\/wp\/v2\/types\/page"}],"author":[{"embeddable":true,"href":"https:\/\/www.nadasitech.com\/en\/wp-json\/wp\/v2\/users\/1"}],"replies":[{"embeddable":true,"href":"https:\/\/www.nadasitech.com\/en\/wp-json\/wp\/v2\/comments?post=32"}],"version-history":[{"count":17,"href":"https:\/\/www.nadasitech.com\/en\/wp-json\/wp\/v2\/pages\/32\/revisions"}],"predecessor-version":[{"id":789,"href":"https:\/\/www.nadasitech.com\/en\/wp-json\/wp\/v2\/pages\/32\/revisions\/789"}],"wp:attachment":[{"href":"https:\/\/www.nadasitech.com\/en\/wp-json\/wp\/v2\/media?parent=32"}],"curies":[{"name":"wp","href":"https:\/\/api.w.org\/{rel}","templated":true}]}}